{"id":8268,"date":"2017-11-30T16:46:01","date_gmt":"2017-11-30T19:46:01","guid":{"rendered":"http:\/\/observatorioconurbano.ungs.edu.ar\/?page_id=8268"},"modified":"2020-10-22T13:13:42","modified_gmt":"2020-10-22T16:13:42","slug":"educacion-4-2-2-2-2-2-2-2-2","status":"publish","type":"page","link":"https:\/\/observatorioconurbano.ungs.edu.ar\/?page_id=8268","title":{"rendered":"Participaci\u00f3n"},"content":{"rendered":"<p><div class=\"fusion-fullwidth fullwidth-box fusion-builder-row-1 hundred-percent-fullwidth non-hundred-percent-height-scrolling\" style=\"background-color: rgba(255,255,255,0);background-position: center center;background-repeat: no-repeat;padding-top:0px;padding-right:0px;padding-bottom:0px;padding-left:0px;margin-bottom: 60px;margin-top: 0px;border-width: 0px 0px 0px 0px;border-color:#eae9e9;border-style:solid;\" ><div class=\"fusion-builder-row fusion-row\"><div class=\"fusion-layout-column fusion_builder_column fusion-builder-column-0 fusion_builder_column_1_1 1_1 fusion-one-full fusion-column-first fusion-column-last fusion-column-no-min-height\" style=\"margin-top:0px;margin-bottom:0px;\"><div class=\"fusion-column-wrapper fusion-flex-column-wrapper-legacy\" style=\"background-position:left top;background-repeat:no-repeat;-webkit-background-size:cover;-moz-background-size:cover;-o-background-size:cover;background-size:cover;padding: 0px 0px 0px 0px;\"><div class=\"fusion-sep-clear\"><\/div><div class=\"fusion-separator fusion-full-width-sep\" style=\"margin-left: auto;margin-right: auto;width:100%;\"><\/div><div class=\"fusion-sep-clear\"><\/div><div class=\"fusion-clearfix\"><\/div><\/div><\/div><\/div><style type=\"text\/css\">.fusion-fullwidth.fusion-builder-row-1 { overflow:visible; }<\/style><\/div><div class=\"fusion-fullwidth fullwidth-box fusion-builder-row-2 nonhundred-percent-fullwidth non-hundred-percent-height-scrolling\" style=\"background-color: #f0f0f0;background-position: left top;background-repeat: no-repeat;padding-top:0px;padding-right:0px;padding-left:0px;margin-bottom: 0px;margin-top: 0px;border-width: 0px 0px 0px 0px;border-color:#eae9e9;border-style:solid;\" ><div class=\"fusion-builder-row fusion-row\"><div class=\"fusion-layout-column fusion_builder_column fusion-builder-column-1 fusion_builder_column_2_5 2_5 fusion-two-fifth fusion-column-first\" style=\"margin-top:0px;margin-bottom:0px;\"><div class=\"fusion-column-wrapper fusion-flex-column-wrapper-legacy\" style=\"background-position:left top;background-repeat:no-repeat;-webkit-background-size:cover;-moz-background-size:cover;-o-background-size:cover;background-size:cover;padding: 0px 0px 0px 0px;\"><span class=\" fusion-imageframe imageframe-none imageframe-1 hover-type-none\"><img src=\"http:\/\/observatorioconurbano.ungs.edu.ar\/wp-content\/uploads\/08_Abriendo-caminoEP.jpg\" alt class=\"img-responsive\"\/><\/span><div class=\"fusion-clearfix\"><\/div><\/div><\/div><div class=\"fusion-layout-column fusion_builder_column fusion-builder-column-2 fusion_builder_column_3_5 3_5 fusion-three-fifth fusion-column-last .titulo temas h3\" style=\"margin-top:15px;margin-bottom:-15px;\"><div class=\"fusion-column-wrapper fusion-flex-column-wrapper-legacy\" style=\"background-position:left top;background-repeat:no-repeat;-webkit-background-size:cover;-moz-background-size:cover;-o-background-size:cover;background-size:cover;padding: 0px 15px 0px 20px;\"><div class=\"fusion-text fusion-text-1\"><h3 data-fontsize=\"17\" data-lineheight=\"25\">Caracter\u00edsticas pol\u00edticas e institucionales de los gobiernos y aparatos estatales, desarrollo de las pol\u00edticas p\u00fablicas, gesti\u00f3n de las finanzas p\u00fablicas, experiencias innovadoras de gesti\u00f3n y din\u00e1mica del sistema pol\u00edtico en la regi\u00f3n.<\/h3>\n<\/div><div class=\"fusion-sep-clear\"><\/div><div class=\"fusion-separator fusion-full-width-sep\" style=\"margin-left: auto;margin-right: auto;margin-bottom:165px;width:100%;\"><\/div><div class=\"fusion-sep-clear\"><\/div><style type=\"text\/css\"><\/style><div class=\"fusion-title title fusion-title-1 fusion-sep-none fusion-title-text fusion-title-size-one\" style=\"margin-top:-25px;margin-right:0px;margin-bottom:0px;margin-left:0px;\"><h1 class=\"title-heading-left\" style=\"margin:0;\"><h1 class=\"entry-title\" data-fontsize=\"22\" data-lineheight=\"31\"><span style=\"color: #c8c8c8;\">Estado y pol\u00edtica<\/span><\/h1><\/h1><\/div><div class=\"fusion-clearfix\"><\/div><\/div><\/div><\/div><\/div><div class=\"fusion-fullwidth fullwidth-box fusion-builder-row-3 hundred-percent-fullwidth non-hundred-percent-height-scrolling\" style=\"background-color: #ffffff;background-position: center center;background-repeat: no-repeat;padding-top:0px;padding-right:0px;padding-bottom:0px;padding-left:0px;margin-bottom: 0px;margin-top: 0px;border-width: 0px 0px 0px 0px;border-color:#eae9e9;border-style:solid;\" ><div class=\"fusion-builder-row fusion-row\"><div class=\"fusion-layout-column fusion_builder_column fusion-builder-column-3 fusion_builder_column_1_1 1_1 fusion-one-full fusion-column-first fusion-column-last fusion-column-no-min-height\" style=\"margin-top:0px;margin-bottom:0px;\"><div class=\"fusion-column-wrapper fusion-flex-column-wrapper-legacy\" style=\"background-position:left top;background-repeat:no-repeat;-webkit-background-size:cover;-moz-background-size:cover;-o-background-size:cover;background-size:cover;padding: 0px 0px 0px 0px;\"><style type=\"text\/css\"><\/style><div class=\"fusion-title title fusion-title-2 fusion-sep-none fusion-title-text fusion-title-size-two\" style=\"margin-top:40px;margin-right:0px;margin-bottom:10px;margin-left:0px;\"><h2 class=\"title-heading-left\" style=\"margin:0;\"><span style=\"color: #1861a1;\"><a href=\"http:\/\/observatorioconurbano.ungs.edu.ar\/?page_id=8255\">Pol\u00edtica<\/a><\/span><span style=\"color: #c8c8c8;\"> | <\/span><span style=\"color: #1861a1;\"><a href=\"http:\/\/observatorioconurbano.ungs.edu.ar\/?page_id=8261\">Financiero<\/a><\/span> <span style=\"color: #c8c8c8;\"> | <\/span><span style=\"color: #99cc00;\">Participaci\u00f3n<\/span><\/h2><\/div><div class=\"fusion-clearfix\"><\/div><\/div><\/div><\/div><style type=\"text\/css\">.fusion-fullwidth.fusion-builder-row-3 { overflow:visible; }<\/style><\/div><div class=\"fusion-fullwidth fullwidth-box fusion-builder-row-4 nonhundred-percent-fullwidth non-hundred-percent-height-scrolling\" style=\"background-color: #ffffff;background-position: left top;background-repeat: no-repeat;padding-top:20px;padding-right:0px;padding-bottom:20px;padding-left:0px;margin-bottom: 0px;margin-top: 0px;border-width: 0px 0px 0px 0px;border-color:#eae9e9;border-style:solid;\" ><div class=\"fusion-builder-row fusion-row\"><div class=\"fusion-layout-column fusion_builder_column fusion-builder-column-4 fusion_builder_column_1_1 1_1 fusion-one-full fusion-column-first fusion-column-last\" style=\"margin-top:0px;margin-bottom:20px;\"><div class=\"fusion-column-wrapper fusion-flex-column-wrapper-legacy\" style=\"background-position:left top;background-repeat:no-repeat;-webkit-background-size:cover;-moz-background-size:cover;-o-background-size:cover;background-size:cover;padding: 0px 0px 0px 0px;\"><div class=\"fusion-tabs fusion-tabs-1 clean vertical-tabs icon-position-left\"><style type=\"text\/css\">#wrapper .fusion-tabs.fusion-tabs-1.clean .nav-tabs li a.tab-link{border-color:#ebeaea;}.fusion-tabs.fusion-tabs-1 .nav-tabs li a.tab-link{background-color:#eaeaea;}.fusion-tabs.fusion-tabs-1 .nav-tabs li.active a.tab-link,.fusion-tabs.fusion-tabs-1 .nav-tabs li.active a.tab-link:hover,.fusion-tabs.fusion-tabs-1 .nav-tabs li.active a.tab-link:focus{background-color:#e4ffbf;}.fusion-tabs.fusion-tabs-1 .nav-tabs li a:hover{background-color:#e4ffbf;border-top-color:#e4ffbf;}.fusion-tabs.fusion-tabs-1 .tab-pane{background-color:#e4ffbf;}.fusion-tabs.fusion-tabs-1 .nav,.fusion-tabs.fusion-tabs-1 .nav-tabs,.fusion-tabs.fusion-tabs-1 .tab-content .tab-pane{border-color:#ebeaea;}<\/style><div class=\"nav\"><ul class=\"nav-tabs\" role=\"tablist\"><li class=\"active\" role=\"presentation\"><a class=\"tab-link\" data-toggle=\"tab\" role=\"tab\" aria-controls=\"tab-5d1ed29df9efae80a97\" aria-selected=\"true\" id=\"fusion-tab-mecanismosdeparticipaci\u00f3nlocal\" href=\"#tab-5d1ed29df9efae80a97\"><h4 class=\"fusion-tab-heading\">Mecanismos de participaci\u00f3n local<\/h4><\/a><\/li><\/ul><\/div><div class=\"tab-content\"><div class=\"nav fusion-mobile-tab-nav\"><ul class=\"nav-tabs\" role=\"tablist\"><li class=\"active\" role=\"presentation\"><a class=\"tab-link\" data-toggle=\"tab\" role=\"tab\" aria-controls=\"tab-5d1ed29df9efae80a97\" aria-selected=\"true\" id=\"mobile-fusion-tab-mecanismosdeparticipaci\u00f3nlocal\" href=\"#tab-5d1ed29df9efae80a97\"><h4 class=\"fusion-tab-heading\">Mecanismos de participaci\u00f3n local<\/h4><\/a><\/li><\/ul><\/div><div class=\"tab-pane fade fusion-clearfix in active\" role=\"tabpanel\" tabindex=\"0\" aria-labelledby=\"fusion-tab-mecanismosdeparticipaci\u00f3nlocal\" id=\"tab-5d1ed29df9efae80a97\"><div class=\"fusion-blog-shortcode fusion-blog-shortcode-1 fusion-blog-archive fusion-blog-layout-medium fusion-blog-pagination fusion-blog-no-images\"><div class=\"fusion-posts-container fusion-posts-container-pagination fusion-no-meta-info\" data-pages=\"1\"><article id=\"blog-1-post-10254\" class=\"fusion-post-medium post-10254 post type-post status-publish format-standard hentry category-partido1-partidos category-partido2-partidos category-partido3-partidos category-conurbano-bonaerense category-estado-y-politica category-partido11-partidos category-partido13-partidos category-partido14-partidos category-partido17-partidos category-gobiernos-municipales category-partido18-partidos category-partido19-partidos category-partido20-partidos category-partido21-partidos category-partido23-partidos category-partido26-partidos category-partido29-partidos category-mecanismos-de-participacion-local category-partido32-partidos category-partido33-partidos category-partido34-partidos category-participacion category-politica category-partido38-partidos category-partido39-partidos category-partido40-partidos category-partido41-partidos category-tigre category-partido44-partidos category-partido45-partidos tag-concejales tag-conurbano tag-conurbano-gran-buenos-aires tag-descentralizacion tag-gobiernos-municipales tag-gran-buenos-aires tag-modernizacion tag-politica\">\n<div class=\"fusion-post-content post-content\"><h2 class=\"blog-shortcode-post-title entry-title\"><a href=\"https:\/\/observatorioconurbano.ungs.edu.ar\/?p=10254\">Mecanismos de participaci\u00f3n local por municipio<\/a><\/h2><div class=\"fusion-post-content-container\"><p>24 partidos del Conurbano Bonaerense. 2018<\/p>\n<!-- WP Attachments -->\r\n        <div style=\"width:100%;margin:10px 0 10px 0;\">\r\n            <h3>Documentos<\/h3>\r\n        <ul class=\"post-attachments\"><li class=\"post-attachment mime-application-pdf\">                                                                                                                                                                                                                                                                              <a target=\"_blank\" rel=\"noopener noreferrer\" href=\"https:\/\/observatorioconurbano.ungs.edu.ar\/?p=10254&#038;download=12466\">394-Mecanismos-de-Participacion-2018<\/a> <\/li><li class=\"post-attachment mime-application-vnd-ms-excel\">                                                                                                                                                                                                                                                                              <a target=\"_blank\" rel=\"noopener noreferrer\" href=\"https:\/\/observatorioconurbano.ungs.edu.ar\/?p=10254&#038;download=12467\">394-Mecanismos-de-Participacion-2018<\/a> <\/li><li class=\"post-attachment mime-image-jpeg\">                                                                                                                                                                                                                                                                              <a target=\"_blank\" rel=\"noopener noreferrer\" href=\"https:\/\/observatorioconurbano.ungs.edu.ar\/?p=10254&#038;download=11038\">4- Mecanismos de part<\/a> <\/li><\/ul><\/div><\/div><\/div><div class=\"fusion-clearfix\"><\/div><\/article>\n<article id=\"blog-1-post-4763\" class=\"fusion-post-medium post-4763 post type-post status-publish format-standard hentry category-estado-y-politica category-mecanismos-de-participacion-local category-participacion\">\n<div class=\"fusion-post-content post-content\"><h2 class=\"blog-shortcode-post-title entry-title\"><a href=\"https:\/\/observatorioconurbano.ungs.edu.ar\/?p=4763\">Presupuesto participativo:  recursos destinados, niveles de participaci\u00f3n ciudadana y grado de ejecuci\u00f3n<\/a><\/h2><div class=\"fusion-post-content-container\"><p>Partidos de la RMBA 2015<\/p>\n<!-- WP Attachments -->\r\n        <div style=\"width:100%;margin:10px 0 10px 0;\">\r\n            <h3>Documentos<\/h3>\r\n        <ul class=\"post-attachments\"><li class=\"post-attachment mime-application-pdf\">                                                                                                                                                                                                                                                                              <a target=\"_blank\" rel=\"noopener noreferrer\" href=\"https:\/\/observatorioconurbano.ungs.edu.ar\/?p=4763&#038;download=12288\">194-Recursos-destinados-al-presupuesto-participativo-2015<\/a> <\/li><li class=\"post-attachment mime-application-vnd-ms-excel\">                                                                                                                                                                                                                                                                              <a target=\"_blank\" rel=\"noopener noreferrer\" href=\"https:\/\/observatorioconurbano.ungs.edu.ar\/?p=4763&#038;download=12289\">194-Recursos-destinados-al-presupuesto-participativo-2015<\/a> <\/li><\/ul><\/div><\/div><\/div><div class=\"fusion-clearfix\"><\/div><\/article>\n<article id=\"blog-1-post-4758\" class=\"fusion-post-medium post-4758 post type-post status-publish format-standard hentry category-estado-y-politica category-mecanismos-de-participacion-local category-participacion\">\n<div class=\"fusion-post-content post-content\"><h2 class=\"blog-shortcode-post-title entry-title\"><a href=\"https:\/\/observatorioconurbano.ungs.edu.ar\/?p=4758\">Municipios con  presupuesto participativo vigente al 2015<\/a><\/h2><div class=\"fusion-post-content-container\"><p>Historia y forma de institucionalizaci\u00f3n. Partidos de la RMBA<\/p>\n<!-- WP Attachments -->\r\n        <div style=\"width:100%;margin:10px 0 10px 0;\">\r\n            <h3>Documentos<\/h3>\r\n        <ul class=\"post-attachments\"><li class=\"post-attachment mime-application-pdf\">                                                                                                                                                                                                                                                                              <a target=\"_blank\" rel=\"noopener noreferrer\" href=\"https:\/\/observatorioconurbano.ungs.edu.ar\/?p=4758&#038;download=18921\">191-Presupuesto-Participativo-Mapa-2015<\/a> <\/li><li class=\"post-attachment mime-application-pdf\">                                                                                                                                                                                                                                                                              <a target=\"_blank\" rel=\"noopener noreferrer\" href=\"https:\/\/observatorioconurbano.ungs.edu.ar\/?p=4758&#038;download=12284\">193-Presupuesto-participativo-2015<\/a> <\/li><li class=\"post-attachment mime-application-vnd-ms-excel\">                                                                                                                                                                                                                                                                              <a target=\"_blank\" rel=\"noopener noreferrer\" href=\"https:\/\/observatorioconurbano.ungs.edu.ar\/?p=4758&#038;download=12285\">193-Presupuesto-participativo-2015<\/a> <\/li><\/ul><\/div><\/div><\/div><div class=\"fusion-clearfix\"><\/div><\/article>\n<article id=\"blog-1-post-4227\" class=\"fusion-post-medium post-4227 post type-post status-publish format-standard hentry category-partido1-partidos category-partido2-partidos category-partido3-partidos category-estado-y-politica category-partido11-partidos category-partido14-partidos category-partido17-partidos category-partido20-partidos category-partido21-partidos category-mecanismos-de-participacion-local category-partido32-partidos category-partido33-partidos category-otros category-participacion category-politicas-sociales category-partido38-partidos category-partido39-partidos category-partido41-partidos\">\n<div class=\"fusion-post-content post-content\"><h2 class=\"blog-shortcode-post-title entry-title\"><a href=\"https:\/\/observatorioconurbano.ungs.edu.ar\/?p=4227\">Centros Integradores Comunitarios (CIC) 2015-2024<\/a><\/h2><div class=\"fusion-post-content-container\"><p>Municipios del conurbano bonaerense. Agosto 2024 &#8211; Septiembre 2023 &#8211; Agosto 2022 &#8211; Agosto 2021 &#8211; 2019 &#8211; 2015<\/p>\n<!-- WP Attachments -->\r\n        <div style=\"width:100%;margin:10px 0 10px 0;\">\r\n            <h3>Documentos<\/h3>\r\n        <ul class=\"post-attachments\"><li class=\"post-attachment mime-application-pdf\">                                                                                                                                                                                                                                                                              <a target=\"_blank\" rel=\"noopener noreferrer\" href=\"https:\/\/observatorioconurbano.ungs.edu.ar\/?p=4227&#038;download=21256\">190-Centros-Integradores-Comunitarios-CICs-2015-2024<\/a> <\/li><li class=\"post-attachment mime-application-vnd-ms-excel\">                                                                                                                                                                                                                                                                              <a target=\"_blank\" rel=\"noopener noreferrer\" href=\"https:\/\/observatorioconurbano.ungs.edu.ar\/?p=4227&#038;download=21257\">190-Centros-Integradores-Comunitarios-CICs-2015-2024<\/a> <\/li><\/ul><\/div><\/div><\/div><div class=\"fusion-clearfix\"><\/div><\/article>\n<article id=\"blog-1-post-183\" class=\"fusion-post-medium post-183 post type-post status-publish format-standard hentry category-estado-y-politica category-mecanismos-de-participacion-local category-participacion category-partido37-partidos category-temas\">\n<div class=\"fusion-post-content post-content\"><h2 class=\"blog-shortcode-post-title entry-title\"><a href=\"https:\/\/observatorioconurbano.ungs.edu.ar\/?p=183\">Recursos destinados al Presupuesto Participativo  y cantidad de proyectos elegidos por la ciudadan\u00eda<\/a><\/h2><div class=\"fusion-post-content-container\"><p>Municipios del RMBA. A\u00f1o 2014<\/p>\n<!-- WP Attachments -->\r\n        <div style=\"width:100%;margin:10px 0 10px 0;\">\r\n            <h3>Documentos<\/h3>\r\n        <ul class=\"post-attachments\"><li class=\"post-attachment mime-application-pdf\">                                                                                                                                                                                                                                                                              <a target=\"_blank\" rel=\"noopener noreferrer\" href=\"https:\/\/observatorioconurbano.ungs.edu.ar\/?p=183&#038;download=12232\">055-Recursos-y-proyectos-PP-2014<\/a> <\/li><li class=\"post-attachment mime-application-vnd-ms-excel\">                                                                                                                                                                                                                                                                              <a target=\"_blank\" rel=\"noopener noreferrer\" href=\"https:\/\/observatorioconurbano.ungs.edu.ar\/?p=183&#038;download=12233\">055-Recursos-y-proyectos-PP-2014<\/a> <\/li><\/ul><\/div><\/div><\/div><div class=\"fusion-clearfix\"><\/div><\/article>\n<\/div><\/div><\/div><\/div><\/div><div class=\"fusion-clearfix\"><\/div><\/div><\/div><\/div><\/div><\/p>\n","protected":false},"excerpt":{"rendered":"<p>Documentos 055-Recursos-y-proyectos-PP-2014 055-Recursos-y-proyectos-PP-2014<\/p>\n","protected":false},"author":2,"featured_media":0,"parent":0,"menu_order":0,"comment_status":"closed","ping_status":"closed","template":"","meta":[],"_links":{"self":[{"href":"https:\/\/observatorioconurbano.ungs.edu.ar\/index.php?rest_route=\/wp\/v2\/pages\/8268"}],"collection":[{"href":"https:\/\/observatorioconurbano.ungs.edu.ar\/index.php?rest_route=\/wp\/v2\/pages"}],"about":[{"href":"https:\/\/observatorioconurbano.ungs.edu.ar\/index.php?rest_route=\/wp\/v2\/types\/page"}],"author":[{"embeddable":true,"href":"https:\/\/observatorioconurbano.ungs.edu.ar\/index.php?rest_route=\/wp\/v2\/users\/2"}],"replies":[{"embeddable":true,"href":"https:\/\/observatorioconurbano.ungs.edu.ar\/index.php?rest_route=%2Fwp%2Fv2%2Fcomments&post=8268"}],"version-history":[{"count":12,"href":"https:\/\/observatorioconurbano.ungs.edu.ar\/index.php?rest_route=\/wp\/v2\/pages\/8268\/revisions"}],"predecessor-version":[{"id":14074,"href":"https:\/\/observatorioconurbano.ungs.edu.ar\/index.php?rest_route=\/wp\/v2\/pages\/8268\/revisions\/14074"}],"wp:attachment":[{"href":"https:\/\/observatorioconurbano.ungs.edu.ar\/index.php?rest_route=%2Fwp%2Fv2%2Fmedia&parent=8268"}],"curies":[{"name":"wp","href":"https:\/\/api.w.org\/{rel}","templated":true}]}}