{"id":4345,"date":"2015-12-24T13:31:22","date_gmt":"2015-12-24T16:31:22","guid":{"rendered":"http:\/\/observatorioconurbano.ungs.edu.ar\/?page_id=4345"},"modified":"2019-09-22T12:47:11","modified_gmt":"2019-09-22T15:47:11","slug":"boletin-no4-diciembre-2015","status":"publish","type":"page","link":"https:\/\/observatorioconurbano.ungs.edu.ar\/?page_id=4345","title":{"rendered":"Bolet\u00edn N\u00ba4 Diciembre 2015"},"content":{"rendered":"<div class=\"fusion-fullwidth fullwidth-box fusion-builder-row-1 nonhundred-percent-fullwidth non-hundred-percent-height-scrolling\" style=\"--awb-background-position:left top;--awb-border-radius-top-left:0px;--awb-border-radius-top-right:0px;--awb-border-radius-bottom-right:0px;--awb-border-radius-bottom-left:0px;--awb-padding-top:20px;--awb-padding-right:0px;--awb-padding-bottom:20px;--awb-padding-left:0px;--awb-border-sizes-top:0px;--awb-border-sizes-bottom:0px;--awb-flex-wrap:wrap;\" ><div class=\"fusion-builder-row fusion-row\"><div class=\"fusion-layout-column fusion_builder_column fusion-builder-column-0 fusion_builder_column_5_6 5_6 fusion-five-sixth fusion-column-first\" style=\"--awb-bg-size:cover;width:82.6666%; margin-right: 4%;\"><div class=\"fusion-column-wrapper fusion-flex-column-wrapper-legacy\"><div class=\"fusion-text fusion-text-1\"><table border=\"0\" width=\"800\" cellspacing=\"0\" cellpadding=\"0\"><!--Cabezal y los titulos--><\/p>\n<tbody>\n<tr>\n<td colspan=\"5\"><img decoding=\"async\" src=\"http:\/\/observatorioconurbano.ungs.edu.ar\/imagenes-Boletin\/boletin-4\/cabezal4.jpg\" alt=\"el cabezal del bolet\u00edn\" usemap=\"#Map2\" width=\"800\" height=\"130\" border=\"0\" \/><\/td>\n<\/tr>\n<tr>\n<td align=\"left\" valign=\"top\" width=\"260\" height=\"30\"><\/td>\n<td align=\"left\" valign=\"top\" width=\"10\" height=\"30\"><\/td>\n<td align=\"left\" valign=\"top\" width=\"260\" height=\"30\"><\/td>\n<td align=\"left\" valign=\"top\" width=\"10\" height=\"30\"><\/td>\n<td align=\"left\" valign=\"top\" width=\"260\" height=\"30\"><\/td>\n<\/tr>\n<tr>\n<td align=\"left\" valign=\"top\" width=\"260\" height=\"22\"><img decoding=\"async\" src=\"http:\/\/observatorioconurbano.ungs.edu.ar\/imagenes-Boletin\/aportes.jpg\" alt=\"aportes\" width=\"260\" height=\"22\" \/><\/td>\n<td align=\"left\" valign=\"top\" width=\"10\"><\/td>\n<td align=\"left\" valign=\"top\" width=\"260\" height=\"22\"><img decoding=\"async\" src=\"http:\/\/observatorioconurbano.ungs.edu.ar\/imagenes-Boletin\/doc-ocb.jpg\" alt=\"documentos del observatorio\" width=\"260\" height=\"22\" \/><\/td>\n<td align=\"left\" valign=\"top\" width=\"10\"><\/td>\n<td align=\"left\" valign=\"top\" width=\"260\" height=\"22\"><img decoding=\"async\" src=\"http:\/\/observatorioconurbano.ungs.edu.ar\/imagenes-Boletin\/experiencias.jpg\" alt=\"experiencias\" width=\"260\" height=\"22\" \/><\/td>\n<\/tr>\n<p><!--final delCabezal y los titulos--> <!--los titulos del Aportes, Doc.OCB, Experiencias--><\/p>\n<tr>\n<td align=\"left\" valign=\"top\" width=\"260\" height=\"10\"><\/td>\n<td align=\"left\" valign=\"top\" width=\"10\" height=\"10\"><\/td>\n<td align=\"left\" valign=\"top\" width=\"260\" height=\"10\"><\/td>\n<td align=\"left\" valign=\"top\" width=\"10\" height=\"10\"><\/td>\n<td align=\"left\" valign=\"top\" width=\"260\" height=\"10\"><\/td>\n<\/tr>\n<tr>\n<td align=\"left\" valign=\"top\" bgcolor=\"#e8fcc3\" width=\"260\">\n<p style=\"color: #006837; font-size: 13px; line-height: 16px; font-family: Tahoma, Geneva, sans-serif; padding: 0px 10px 0px 10px;\"><strong>Las organizaciones populares en el Conurbano: entrevista a Pablo Forni<\/strong><\/p>\n<\/td>\n<td align=\"left\" valign=\"top\" width=\"10\"><\/td>\n<td align=\"left\" valign=\"top\" bgcolor=\"#e8fcc3\" width=\"260\">\n<p style=\"color: #006837; font-size: 13px; line-height: 16px; font-family: Tahoma, Geneva, sans-serif; padding: 0px 10px 0px 10px;\"><strong>La participaci\u00f3n ciudadana en el Conurbano Bonaerense: su trayectoria a lo largo de las\u00faltimas dos d\u00e9cadas<\/strong><\/p>\n<\/td>\n<td align=\"left\" valign=\"top\" width=\"10\"><\/td>\n<td align=\"left\" valign=\"top\" bgcolor=\"#e8fcc3\" width=\"260\">\n<p style=\"color: #006837; font-size: 13px; line-height: 16px; font-family: Tahoma, Geneva, sans-serif; padding: 0px 10px 0px 10px;\"><strong>El Laboratorio de Redes Sociales y el Observatorio<\/strong><\/p>\n<\/td>\n<\/tr>\n<tr>\n<td align=\"left\" valign=\"middle\" bgcolor=\"#e8fcc3\">\n<p style=\"color: #666; font-size: 11px; line-height: 12px; font-family: Arial, Helvetica, sans-serif; text-align: right; padding-right: 10px; padding-bottom: 5px;\"><em>Por B\u00e1rbara Couto<\/em><\/p>\n<\/td>\n<td align=\"left\" valign=\"middle\"><\/td>\n<td align=\"left\" valign=\"middle\" bgcolor=\"#e8fcc3\">\n<p style=\"color: #666; font-size: 11px; line-height: 12px; font-family: Arial, Helvetica, sans-serif; text-align: right; padding-right: 10px; padding-bottom: 5px;\"><em>Por Carolina Foglia<\/em><\/p>\n<\/td>\n<td align=\"left\" valign=\"middle\"><\/td>\n<td align=\"left\" valign=\"middle\" bgcolor=\"#e8fcc3\">\n<p style=\"color: #666; font-size: 11px; line-height: 12px; font-family: Arial, Helvetica, sans-serif; text-align: right; padding-right: 10px; padding-bottom: 5px;\"><em>Por Francisco J. Cardozo<\/em><\/p>\n<\/td>\n<\/tr>\n<p><!--final de los titulos del Aportes, Doc.OCB, Experiencias--><\/p>\n<tr>\n<td align=\"left\" valign=\"top\" width=\"260\" height=\"10\"><\/td>\n<td align=\"left\" valign=\"top\" width=\"10\"><\/td>\n<td align=\"left\" valign=\"top\" width=\"260\"><\/td>\n<td align=\"left\" valign=\"top\" width=\"10\"><\/td>\n<td align=\"left\" valign=\"top\" width=\"260\"><\/td>\n<\/tr>\n<p><!--las imagenes--><\/p>\n<tr>\n<td align=\"left\" valign=\"top\" width=\"260\"><img decoding=\"async\" src=\"http:\/\/observatorioconurbano.ungs.edu.ar\/imagenes-Boletin\/boletin-4\/forni-260x160.png\" alt=\"imagen para aportes\" width=\"260\" height=\"160\" \/><\/td>\n<td align=\"left\" valign=\"top\" width=\"10\"><\/td>\n<td align=\"left\" valign=\"top\" width=\"260\"><img decoding=\"async\" src=\"http:\/\/observatorioconurbano.ungs.edu.ar\/imagenes-Boletin\/boletin-4\/plenario260x160.jpg\" alt=\"imagen para documentos del obsevatorio\" width=\"260\" height=\"160\" \/><\/td>\n<td align=\"left\" valign=\"top\" width=\"10\"><\/td>\n<td align=\"left\" valign=\"top\" width=\"260\"><img decoding=\"async\" src=\"http:\/\/observatorioconurbano.ungs.edu.ar\/imagenes-Boletin\/boletin-4\/01-2015-10-22-260-160.jpg\" alt=\"imagen para experiencias\" width=\"260\" height=\"160\" \/><\/td>\n<\/tr>\n<p><!--final de las imagenes--><\/p>\n<tr>\n<td align=\"left\" valign=\"top\" width=\"260\" height=\"10\"><\/td>\n<td align=\"left\" valign=\"top\" width=\"10\"><\/td>\n<td align=\"left\" valign=\"top\" width=\"260\"><\/td>\n<td align=\"left\" valign=\"top\" width=\"10\"><\/td>\n<td align=\"left\" valign=\"top\" width=\"260\"><\/td>\n<\/tr>\n<p><!--los textos--><\/p>\n<tr>\n<td align=\"left\" valign=\"top\" bgcolor=\"#DDFDFC\" width=\"260\">\n<p style=\"color: #666; font-size: 14px; line-height: 18px; font-family: Arial, Helvetica, sans-serif; padding: 0px 10px 0px 10px;\">Soci\u00f3logo e investigador del CONICET, Pablo Forni, tiene una larga trayectoria de investigaci\u00f3n sobre organizaciones de base o comunitarias en el territorio del Conurbano Bonaerense. Al respeto, lo entrevistamos en la Universidad del Salvador, donde se desempe\u00f1a como docente y Director del IDICSO&#8230;<\/p>\n<\/td>\n<td align=\"left\" valign=\"top\" width=\"10\"><\/td>\n<td align=\"left\" valign=\"top\" bgcolor=\"#DDFDFC\" width=\"260\">\n<p style=\"color: #666; font-size: 14px; line-height: 18px; font-family: Arial, Helvetica, sans-serif; padding: 0px 10px 0px 10px;\">Este art\u00edculo se propone realizar una reflexi\u00f3n situada sobre las experiencias de participaci\u00f3n ciudadana en la Argentina. El \u00e9nfasis se colocar\u00e1 en el desarrollo que las mismas han tenidoen el territorio del Conurbano Bonaerense, en el per\u00edodo que abarca desde los a\u00f1os 90\u2019 hasta la actualidad&#8230;<\/p>\n<\/td>\n<td align=\"left\" valign=\"top\" width=\"10\"><\/td>\n<td align=\"left\" valign=\"top\" bgcolor=\"#DDFDFC\" width=\"260\">\n<p style=\"color: #666; font-size: 14px; line-height: 18px; font-family: Arial, Helvetica, sans-serif; padding: 0px 10px 0px 10px;\">La materia \u201cLaboratorio Interdisciplinario: Redes Sociales y Condiciones de Vida: Las organizaciones sociales en acci\u00f3n\u201d, es un espacio de formaci\u00f3n en el que los estudiantes realizan una de sus primeras aproximaciones a la investigaci\u00f3n, al trabajo con la comunidad&#8230;<\/p>\n<\/td>\n<\/tr>\n<tr>\n<td align=\"left\" valign=\"top\" bgcolor=\"#DDFDFC\">\n<p style=\"font-size: 14px; line-height: 18px; font-family: Arial, Helvetica, sans-serif; padding-left: 10px;\"><strong><a style=\"color: #39b54a; font-weight: bold; text-decoration: none;\" href=\"http:\/\/observatorioconurbano.ungs.edu.ar\/?p=4292\" target=\"_blank\" rel=\"noopener noreferrer\">&gt; Leer m\u00e1s<\/a><\/strong><\/p>\n<\/td>\n<td align=\"left\" valign=\"top\"><\/td>\n<td align=\"left\" valign=\"top\" bgcolor=\"#DDFDFC\">\n<p style=\"color: #39b54a; font-size: 14px; line-height: 18px; font-family: Arial, Helvetica, sans-serif; padding-left: 10px;\"><strong><a style=\"color: #39b54a; font-weight: bold; text-decoration: none;\" href=\"http:\/\/observatorioconurbano.ungs.edu.ar\/?p=4310\" target=\"_blank\" rel=\"noopener noreferrer\">&gt; Leer m\u00e1s<\/a><\/strong><\/p>\n<\/td>\n<td align=\"left\" valign=\"top\"><\/td>\n<td align=\"left\" valign=\"top\" bgcolor=\"#DDFDFC\">\n<p style=\"color: #39b54a; font-size: 14px; line-height: 18px; font-family: Arial, Helvetica, sans-serif; padding-left: 10px;\"><strong><a style=\"color: #39b54a; font-weight: bold; text-decoration: none;\" href=\"http:\/\/observatorioconurbano.ungs.edu.ar\/?p=4304\" target=\"_blank\" rel=\"noopener noreferrer\">&gt; Leer m\u00e1s<\/a><\/strong><\/p>\n<\/td>\n<\/tr>\n<p><!--final de los textos--><\/p>\n<tr>\n<td align=\"left\" valign=\"top\" width=\"260\"><\/td>\n<td align=\"left\" valign=\"top\" width=\"10\"><\/td>\n<td align=\"left\" valign=\"top\" width=\"260\"><\/td>\n<td align=\"left\" valign=\"top\" width=\"10\"><\/td>\n<td align=\"left\" valign=\"top\" width=\"260\" height=\"10\"><\/td>\n<\/tr>\n<p><!--el pie--><\/p>\n<tr>\n<td colspan=\"5\"><img decoding=\"async\" src=\"http:\/\/observatorioconurbano.ungs.edu.ar\/3roBoletin\/disenio\/pie.jpg\" alt=\"el pie del bolet\u00edn\" usemap=\"#Map\" width=\"800\" height=\"99\" border=\"0\" \/><\/td>\n<\/tr>\n<p><!--final del pie--><\/p>\n<tr>\n<td colspan=\"5\" height=\"30\"><\/td>\n<\/tr>\n<\/tbody>\n<\/table>\n<p><!--enlaces a el OCB, ICO y la UNGS--><\/p>\n<map id=\"Map\" name=\"Map\">\n<area alt=\"Instituto del Conurbano\" coords=\"212,8,334,29\" shape=\"rect\" href=\"http:\/\/www.ungs.edu.ar\/ms_ico\/\" target=\"_blank\" \/>\n<area alt=\"UNGS\" coords=\"420,5,621,45\" shape=\"rect\" href=\"http:\/\/www.ungs.edu.ar\/ms_ungs\/\" target=\"_blank\" \/> <\/map>\n<map id=\"Map2\" name=\"Map2\">\n<area alt=\"p\u00e1gina del observatorio\" coords=\"77,65,49\" shape=\"circle\" href=\"http:\/\/observatorioconurbano.ungs.edu.ar\/\" target=\"_blank\" \/> <\/map>\n<p><!--final de las enlaces a el ICO y la UNGS--><\/p>\n<\/div><div class=\"fusion-clearfix\"><\/div><\/div><\/div><\/div><\/div>\n","protected":false},"excerpt":{"rendered":"","protected":false},"author":2,"featured_media":0,"parent":0,"menu_order":0,"comment_status":"closed","ping_status":"closed","template":"","meta":{"_exactmetrics_skip_tracking":false,"_exactmetrics_sitenote_active":false,"_exactmetrics_sitenote_note":"","_exactmetrics_sitenote_category":0,"footnotes":""},"class_list":["post-4345","page","type-page","status-publish","hentry"],"_links":{"self":[{"href":"https:\/\/observatorioconurbano.ungs.edu.ar\/index.php?rest_route=\/wp\/v2\/pages\/4345","targetHints":{"allow":["GET"]}}],"collection":[{"href":"https:\/\/observatorioconurbano.ungs.edu.ar\/index.php?rest_route=\/wp\/v2\/pages"}],"about":[{"href":"https:\/\/observatorioconurbano.ungs.edu.ar\/index.php?rest_route=\/wp\/v2\/types\/page"}],"author":[{"embeddable":true,"href":"https:\/\/observatorioconurbano.ungs.edu.ar\/index.php?rest_route=\/wp\/v2\/users\/2"}],"replies":[{"embeddable":true,"href":"https:\/\/observatorioconurbano.ungs.edu.ar\/index.php?rest_route=%2Fwp%2Fv2%2Fcomments&post=4345"}],"version-history":[{"count":3,"href":"https:\/\/observatorioconurbano.ungs.edu.ar\/index.php?rest_route=\/wp\/v2\/pages\/4345\/revisions"}],"predecessor-version":[{"id":11286,"href":"https:\/\/observatorioconurbano.ungs.edu.ar\/index.php?rest_route=\/wp\/v2\/pages\/4345\/revisions\/11286"}],"wp:attachment":[{"href":"https:\/\/observatorioconurbano.ungs.edu.ar\/index.php?rest_route=%2Fwp%2Fv2%2Fmedia&parent=4345"}],"curies":[{"name":"wp","href":"https:\/\/api.w.org\/{rel}","templated":true}]}}