{"id":16838,"date":"2021-10-23T16:31:51","date_gmt":"2021-10-23T19:31:51","guid":{"rendered":"http:\/\/observatorioconurbano.ungs.edu.ar\/?page_id=16838"},"modified":"2023-01-26T13:40:11","modified_gmt":"2023-01-26T16:40:11","slug":"activ-mapa-prueba","status":"publish","type":"page","link":"https:\/\/observatorioconurbano.ungs.edu.ar\/?page_id=16838","title":{"rendered":"PERFILES CONURBANOS"},"content":{"rendered":"<p><div class=\"fusion-fullwidth fullwidth-box fusion-builder-row-1 fusion-flex-container nonhundred-percent-fullwidth non-hundred-percent-height-scrolling\" style=\"--awb-border-radius-top-left:0px;--awb-border-radius-top-right:0px;--awb-border-radius-bottom-right:0px;--awb-border-radius-bottom-left:0px;--awb-margin-top:-50px;--awb-margin-top-medium:20px;--awb-margin-top-small:20px;--awb-flex-wrap:wrap;\" ><div class=\"fusion-builder-row fusion-row fusion-flex-align-items-center fusion-flex-justify-content-center fusion-flex-content-wrap\" style=\"max-width:calc( 1100px + 35px );margin-left: calc(-35px \/ 2 );margin-right: calc(-35px \/ 2 );\"><div class=\"fusion-layout-column fusion_builder_column fusion-builder-column-0 fusion_builder_column_2_5 2_5 fusion-flex-column\" style=\"--awb-bg-size:cover;--awb-width-large:40%;--awb-margin-top-large:0px;--awb-spacing-right-large:17.5px;--awb-margin-bottom-large:20px;--awb-spacing-left-large:17.5px;--awb-width-medium:100%;--awb-order-medium:0;--awb-spacing-right-medium:17.5px;--awb-spacing-left-medium:17.5px;--awb-width-small:100%;--awb-order-small:0;--awb-spacing-right-small:17.5px;--awb-spacing-left-small:17.5px;\"><div class=\"fusion-column-wrapper fusion-column-has-shadow fusion-flex-justify-content-flex-start fusion-content-layout-column\"><div class=\"fusion-image-element \" style=\"--awb-caption-title-font-family:var(--h2_typography-font-family);--awb-caption-title-font-weight:var(--h2_typography-font-weight);--awb-caption-title-font-style:var(--h2_typography-font-style);--awb-caption-title-size:var(--h2_typography-font-size);--awb-caption-title-transform:var(--h2_typography-text-transform);--awb-caption-title-line-height:var(--h2_typography-line-height);--awb-caption-title-letter-spacing:var(--h2_typography-letter-spacing);\"><span class=\" fusion-imageframe imageframe-none imageframe-1 hover-type-none\"><a class=\"fusion-no-lightbox\" href=\"http:\/\/observatorioconurbano.ungs.edu.ar\/pdf\/Perfiles-conurbanos_Final.pdf\" target=\"_self\" aria-label=\"Portada-web_perfiles-conurbanos_Mesa-de-trabajo-1\"><img decoding=\"async\" width=\"651\" height=\"650\" alt=\"Portada-web_perfiles-conurbanos_Mesa-de-trabajo\" src=\"http:\/\/observatorioconurbano.ungs.edu.ar\/wp-content\/uploads\/Portada-web_perfiles-conurbanos_Mesa-de-trabajo-1.jpg\" class=\"img-responsive wp-image-17214\"\/><\/a><\/span><\/div><div class=\"fusion-separator fusion-full-width-sep\" style=\"align-self: center;margin-left: auto;margin-right: auto;margin-top:20px;width:100%;\"><\/div><\/div><\/div><div class=\"fusion-layout-column fusion_builder_column fusion-builder-column-1 fusion_builder_column_2_5 2_5 fusion-flex-column fusion-flex-align-self-stretch\" style=\"--awb-bg-size:cover;--awb-width-large:40%;--awb-margin-top-large:20px;--awb-spacing-right-large:17.5px;--awb-margin-bottom-large:20px;--awb-spacing-left-large:17.5px;--awb-width-medium:100%;--awb-order-medium:0;--awb-spacing-right-medium:17.5px;--awb-spacing-left-medium:17.5px;--awb-width-small:100%;--awb-order-small:0;--awb-spacing-right-small:17.5px;--awb-spacing-left-small:17.5px;\"><div class=\"fusion-column-wrapper fusion-column-has-shadow fusion-flex-justify-content-space-evenly fusion-content-layout-column\"><div class=\"fusion-text fusion-text-1\" style=\"--awb-font-size:18px;--awb-text-transform:none;--awb-margin-top:-35px;\"><p>Caracterizaci\u00f3n estad\u00edstica actualizada desagregada a nivel de los 24 partidos del conurbano, presentada en formato gr\u00e1fico sobre econom\u00eda, trabajo, finanzas p\u00fablicas, h\u00e1bitat popular, salud, educaci\u00f3n, residuos y g\u00e9nero<\/p>\n<\/div><div ><a class=\"fusion-button button-flat fusion-button-default-size button-custom fusion-button-default button-1 fusion-button-span-yes fusion-button-default-type\" style=\"--awb-margin-top:60px;--awb-margin-bottom:15px;--awb-padding-top:20px;--awb-padding-bottom:20px;--button_accent_color:#ffffff;--button_accent_hover_color:#333333;--button_border_hover_color:#638e1a;--button_gradient_top_color:#ff891f;--button_gradient_bottom_color:#ff891f;--button_gradient_top_color_hover:#fed53d;--button_gradient_bottom_color_hover:#fed53d;--button_text_transform:uppercase;--button_font_size:22px;\" target=\"_blank\" rel=\"noopener noreferrer\" href=\"http:\/\/observatorioconurbano.ungs.edu.ar\/pdf\/Perfiles-conurbanos_Final.pdf\"><i class=\"fa-file-pdf fas awb-button__icon awb-button__icon--default button-icon-left\" aria-hidden=\"true\"><\/i><span class=\"fusion-button-text awb-button__text awb-button__text--default\">Perfil 24 partidos del conurbano bonaerense<\/span><\/a><\/div><div class=\"fusion-text fusion-text-2\" style=\"--awb-text-transform:none;\"><h3 style=\"text-align: center;\">o busc\u00e1 el municipio de tu inter\u00e9s<\/h3>\n<\/div><\/div><\/div><\/div><\/div><div class=\"fusion-fullwidth fullwidth-box fusion-builder-row-2 fusion-flex-container nonhundred-percent-fullwidth non-hundred-percent-height-scrolling fusion-custom-z-index\" style=\"--awb-border-radius-top-left:0px;--awb-border-radius-top-right:0px;--awb-border-radius-bottom-right:0px;--awb-border-radius-bottom-left:0px;--awb-z-index:0;--awb-margin-top:10px;--awb-flex-wrap:wrap;\" ><div class=\"fusion-builder-row fusion-row fusion-flex-align-items-flex-start fusion-flex-content-wrap\" style=\"max-width:1144px;margin-left: calc(-4% \/ 2 );margin-right: calc(-4% \/ 2 );\"><div class=\"fusion-layout-column fusion_builder_column fusion-builder-column-2 fusion_builder_column_1_1 1_1 fusion-flex-column\" style=\"--awb-bg-size:cover;--awb-width-large:100%;--awb-margin-top-large:0px;--awb-spacing-right-large:1.92%;--awb-margin-bottom-large:20px;--awb-spacing-left-large:1.92%;--awb-width-medium:100%;--awb-order-medium:0;--awb-spacing-right-medium:1.92%;--awb-spacing-left-medium:1.92%;--awb-width-small:100%;--awb-order-small:0;--awb-spacing-right-small:1.92%;--awb-spacing-left-small:1.92%;\"><div class=\"fusion-column-wrapper fusion-column-has-shadow fusion-flex-justify-content-flex-start fusion-content-layout-column\"><div class=\"fusion-text fusion-text-3 sm-text-align-left\" style=\"--awb-content-alignment:center;--awb-text-transform:none;\"><p style=\"margin-left: 0px;\"><iframe src=\"http:\/\/observatorioconurbano.ungs.edu.ar\/mapa\/perfiles_conurbanos2.html\" width=\"900\" height=\"790\" frameborder=\"0\" allowfullscreen=\"allowfullscreen\"><\/iframe><\/p>\n<\/div><\/div><\/div><\/div><\/div><div class=\"fusion-fullwidth fullwidth-box fusion-builder-row-3 fusion-flex-container nonhundred-percent-fullwidth non-hundred-percent-height-scrolling fusion-custom-z-index\" style=\"--awb-border-radius-top-left:0px;--awb-border-radius-top-right:0px;--awb-border-radius-bottom-right:0px;--awb-border-radius-bottom-left:0px;--awb-z-index:50;--awb-padding-top:0px;--awb-margin-top:0px;--awb-margin-bottom:0px;--awb-flex-wrap:wrap;\" ><div class=\"fusion-builder-row fusion-row fusion-flex-align-items-flex-start fusion-flex-justify-content-center fusion-flex-content-wrap\" style=\"max-width:1144px;margin-left: calc(-4% \/ 2 );margin-right: calc(-4% \/ 2 );\"><div class=\"fusion-layout-column fusion_builder_column fusion-builder-column-3 fusion_builder_column_1_1 1_1 fusion-flex-column\" style=\"--awb-padding-top:20px;--awb-padding-bottom:11px;--awb-bg-color:#ff891f;--awb-bg-color-hover:#ff891f;--awb-bg-size:cover;--awb-width-large:100%;--awb-margin-top-large:0px;--awb-spacing-right-large:1.92%;--awb-margin-bottom-large:5px;--awb-spacing-left-large:1.92%;--awb-width-medium:100%;--awb-order-medium:0;--awb-spacing-right-medium:1.92%;--awb-spacing-left-medium:1.92%;--awb-width-small:100%;--awb-order-small:0;--awb-spacing-right-small:1.92%;--awb-spacing-left-small:1.92%;\"><div class=\"fusion-column-wrapper fusion-column-has-shadow fusion-flex-justify-content-flex-start fusion-content-layout-column\">\n<p class=\"table-2\" style=\"text-align: center;\"><span style=\"color: #ffffff; text-align: center; font-size: 18px;\">PERFILES CONURBANOS &#8211; FICHAS MUNICIPALES<\/span><\/p>\n<\/div><\/div><\/div><\/div><div class=\"fusion-fullwidth fullwidth-box fusion-builder-row-4 fusion-flex-container nonhundred-percent-fullwidth non-hundred-percent-height-scrolling\" style=\"--awb-border-radius-top-left:0px;--awb-border-radius-top-right:0px;--awb-border-radius-bottom-right:0px;--awb-border-radius-bottom-left:0px;--awb-flex-wrap:wrap;\" ><div class=\"fusion-builder-row fusion-row fusion-flex-align-items-flex-start fusion-flex-justify-content-center fusion-flex-content-wrap\" style=\"max-width:1144px;margin-left: calc(-4% \/ 2 );margin-right: calc(-4% \/ 2 );\"><div class=\"fusion-layout-column fusion_builder_column fusion-builder-column-4 fusion_builder_column_1_2 1_2 fusion-flex-column fusion-flex-align-self-flex-start\" style=\"--awb-bg-size:cover;--awb-width-large:50%;--awb-margin-top-large:0px;--awb-spacing-right-large:3.84%;--awb-margin-bottom-large:20px;--awb-spacing-left-large:3.84%;--awb-width-medium:100%;--awb-order-medium:0;--awb-spacing-right-medium:1.92%;--awb-spacing-left-medium:1.92%;--awb-width-small:100%;--awb-order-small:0;--awb-spacing-right-small:1.92%;--awb-spacing-left-small:1.92%;\"><div class=\"fusion-column-wrapper fusion-column-has-shadow fusion-flex-justify-content-flex-start fusion-content-layout-column\">\n<div class=\"table-1\">\n<table width=\"100%\">\n<thead>\n<tr>\n<th style=\"text-align: center;\" align=\"left\">Partidos<\/th>\n<th style=\"text-align: center;\" align=\"left\">PDF<\/th>\n<\/tr>\n<\/thead>\n<tbody>\n<tr>\n<td align=\"left\">Almirante Brown. A\u00f1o 2021<\/td>\n<td align=\"left\"><a href=\"http:\/\/observatorioconurbano.ungs.edu.ar\/pdf\/Ficha-Almirante-Brown.pdf\" target=\"_blank\" rel=\"noopener noreferrer\"><img decoding=\"async\" class=\"aligncenter size-full wp-image-12487\" src=\"http:\/\/observatorioconurbano.ungs.edu.ar\/wp-content\/uploads\/icono-pdf.png\" alt=\"tabla en pdf\" width=\"28\" height=\"32\" \/><\/a><\/td>\n<\/tr>\n<tr>\n<td align=\"left\">Avellaneda. A\u00f1o 2021<\/td>\n<td align=\"left\"><a href=\"http:\/\/observatorioconurbano.ungs.edu.ar\/pdf\/Ficha-Avellaneda.pdf\" target=\"_blank\" rel=\"noopener noreferrer\"><img decoding=\"async\" class=\"aligncenter size-full wp-image-12487\" src=\"http:\/\/observatorioconurbano.ungs.edu.ar\/wp-content\/uploads\/icono-pdf.png\" alt=\"tabla en pdf\" width=\"28\" height=\"32\" \/><\/a><\/td>\n<\/tr>\n<tr>\n<td align=\"left\">Berazategui. A\u00f1o 2020. A\u00f1o 2021<\/td>\n<td align=\"left\"><a href=\"http:\/\/observatorioconurbano.ungs.edu.ar\/pdf\/Ficha-Berazategui.pdf\" target=\"_blank\" rel=\"noopener noreferrer\"><img decoding=\"async\" class=\"aligncenter size-full wp-image-12487\" src=\"http:\/\/observatorioconurbano.ungs.edu.ar\/wp-content\/uploads\/icono-pdf.png\" alt=\"tabla en pdf\" width=\"28\" height=\"32\" \/><\/a><\/td>\n<\/tr>\n<tr>\n<td align=\"left\">Esteban Echeverria. A\u00f1o 2021<\/td>\n<td align=\"left\"><a href=\"http:\/\/observatorioconurbano.ungs.edu.ar\/pdf\/Ficha-Esteban-Echeverria.pdf\" target=\"_blank\" rel=\"noopener noreferrer\"><img decoding=\"async\" class=\"aligncenter size-full wp-image-12487\" src=\"http:\/\/observatorioconurbano.ungs.edu.ar\/wp-content\/uploads\/icono-pdf.png\" alt=\"tabla en pdf\" width=\"28\" height=\"32\" \/><\/a><\/td>\n<\/tr>\n<tr>\n<td align=\"left\">Ezeiza. A\u00f1o 2021<\/td>\n<td align=\"left\"><a href=\"http:\/\/observatorioconurbano.ungs.edu.ar\/pdf\/Ficha-Ezeiza.pdf\" target=\"_blank\" rel=\"noopener noreferrer\"><img decoding=\"async\" class=\"aligncenter size-full wp-image-12487\" src=\"http:\/\/observatorioconurbano.ungs.edu.ar\/wp-content\/uploads\/icono-pdf.png\" alt=\"tabla en pdf\" width=\"28\" height=\"32\" \/><\/a><\/td>\n<\/tr>\n<tr>\n<td align=\"left\">Florencio Varela. A\u00f1o 2021<\/td>\n<td align=\"left\"><a href=\"http:\/\/observatorioconurbano.ungs.edu.ar\/pdf\/Ficha-Florencio-Varela.pdf\" target=\"_blank\" rel=\"noopener noreferrer\"><img decoding=\"async\" class=\"aligncenter size-full wp-image-12487\" src=\"http:\/\/observatorioconurbano.ungs.edu.ar\/wp-content\/uploads\/icono-pdf.png\" alt=\"tabla en pdf\" width=\"28\" height=\"32\" \/><\/a><\/td>\n<\/tr>\n<tr>\n<td align=\"left\">Gral. San Mart\u00edn. A\u00f1o 2021<\/td>\n<td align=\"left\"><a href=\"http:\/\/observatorioconurbano.ungs.edu.ar\/pdf\/Ficha-General-San-Martin.pdf\" target=\"_blank\" rel=\"noopener noreferrer\"><img decoding=\"async\" class=\"aligncenter size-full wp-image-12487\" src=\"http:\/\/observatorioconurbano.ungs.edu.ar\/wp-content\/uploads\/icono-pdf.png\" alt=\"tabla en pdf\" width=\"28\" height=\"32\" \/><\/a><\/td>\n<\/tr>\n<tr>\n<td align=\"left\">Hurlingham. A\u00f1o 2021<\/td>\n<td align=\"left\"><a href=\"http:\/\/observatorioconurbano.ungs.edu.ar\/pdf\/Ficha-Hurlingham.pdf\" target=\"_blank\" rel=\"noopener noreferrer\"><img decoding=\"async\" class=\"aligncenter size-full wp-image-12487\" src=\"http:\/\/observatorioconurbano.ungs.edu.ar\/wp-content\/uploads\/icono-pdf.png\" alt=\"tabla en pdf\" width=\"28\" height=\"32\" \/><\/a><\/td>\n<\/tr>\n<tr>\n<td align=\"left\">Ituzaing\u00f3. A\u00f1o 2021<\/td>\n<td align=\"left\"><a href=\"http:\/\/observatorioconurbano.ungs.edu.ar\/pdf\/Ficha-Ituzaingo.pdf\" target=\"_blank\" rel=\"noopener noreferrer\"><img decoding=\"async\" class=\"aligncenter size-full wp-image-12487\" src=\"http:\/\/observatorioconurbano.ungs.edu.ar\/wp-content\/uploads\/icono-pdf.png\" alt=\"tabla en pdf\" width=\"28\" height=\"32\" \/><\/a><\/td>\n<\/tr>\n<tr>\n<td align=\"left\">Jos\u00e9 C. Paz. A\u00f1o 2021<\/td>\n<td align=\"left\"><a href=\"http:\/\/observatorioconurbano.ungs.edu.ar\/pdf\/Ficha-Jose-C.-Paz.pdf\" target=\"_blank\" rel=\"noopener noreferrer\"><img decoding=\"async\" class=\"aligncenter size-full wp-image-12487\" src=\"http:\/\/observatorioconurbano.ungs.edu.ar\/wp-content\/uploads\/icono-pdf.png\" alt=\"tabla en pdf\" width=\"28\" height=\"32\" \/><\/a><\/td>\n<\/tr>\n<tr>\n<td align=\"left\">La Matanza. A\u00f1o 2021<\/td>\n<td align=\"left\"><a href=\"http:\/\/observatorioconurbano.ungs.edu.ar\/pdf\/Ficha-La-Matanza.pdf\" target=\"_blank\" rel=\"noopener noreferrer\"><img decoding=\"async\" class=\"aligncenter size-full wp-image-12487\" src=\"http:\/\/observatorioconurbano.ungs.edu.ar\/wp-content\/uploads\/icono-pdf.png\" alt=\"tabla en pdf\" width=\"28\" height=\"32\" \/><\/a><\/td>\n<\/tr>\n<tr>\n<td align=\"left\">Lan\u00fas. A\u00f1o 2021<\/td>\n<td align=\"left\"><a href=\"http:\/\/observatorioconurbano.ungs.edu.ar\/pdf\/Ficha-Lanus.pdf\" target=\"_blank\" rel=\"noopener noreferrer\"><img decoding=\"async\" class=\"aligncenter size-full wp-image-12487\" src=\"http:\/\/observatorioconurbano.ungs.edu.ar\/wp-content\/uploads\/icono-pdf.png\" alt=\"tabla en pdf\" width=\"28\" height=\"32\" \/><\/a><\/td>\n<\/tr>\n<\/tbody>\n<\/table>\n<\/div>\n<\/div><\/div><div class=\"fusion-layout-column fusion_builder_column fusion-builder-column-5 fusion_builder_column_1_2 1_2 fusion-flex-column\" style=\"--awb-bg-size:cover;--awb-width-large:50%;--awb-margin-top-large:0px;--awb-spacing-right-large:3.84%;--awb-margin-bottom-large:20px;--awb-spacing-left-large:3.84%;--awb-width-medium:100%;--awb-order-medium:0;--awb-spacing-right-medium:1.92%;--awb-spacing-left-medium:1.92%;--awb-width-small:100%;--awb-order-small:0;--awb-spacing-right-small:1.92%;--awb-spacing-left-small:1.92%;\"><div class=\"fusion-column-wrapper fusion-column-has-shadow fusion-flex-justify-content-flex-start fusion-content-layout-column\">\n<div class=\"table-1\">\n<table width=\"100%\">\n<thead>\n<tr>\n<th style=\"text-align: center;\" align=\"left\">Partidos<\/th>\n<th style=\"text-align: center;\" align=\"left\">PDF<\/th>\n<\/tr>\n<\/thead>\n<tbody>\n<tr>\n<td align=\"left\">Lomas de Zamora. A\u00f1o 2021<\/td>\n<td align=\"left\"><a href=\"http:\/\/observatorioconurbano.ungs.edu.ar\/pdf\/Ficha-Lomas-de-Zamora.pdf\" target=\"_blank\" rel=\"noopener noreferrer\"><img decoding=\"async\" class=\"aligncenter size-full wp-image-12487\" src=\"http:\/\/observatorioconurbano.ungs.edu.ar\/wp-content\/uploads\/icono-pdf.png\" alt=\"tabla en pdf\" width=\"28\" height=\"32\" \/><\/a><\/td>\n<\/tr>\n<tr>\n<td align=\"left\">Malvinas Argentinas. A\u00f1o 2021<\/td>\n<td align=\"left\"><a href=\"http:\/\/observatorioconurbano.ungs.edu.ar\/pdf\/Ficha-Malvinas-Argentinas.pdf\" target=\"_blank\" rel=\"noopener noreferrer\"><img decoding=\"async\" class=\"aligncenter size-full wp-image-12487\" src=\"http:\/\/observatorioconurbano.ungs.edu.ar\/wp-content\/uploads\/icono-pdf.png\" alt=\"tabla en pdf\" width=\"28\" height=\"32\" \/><\/a><\/td>\n<\/tr>\n<tr>\n<td align=\"left\">Merlo. A\u00f1o 2021<\/td>\n<td align=\"left\"><a href=\"http:\/\/observatorioconurbano.ungs.edu.ar\/pdf\/Ficha-Merlo.pdf\" target=\"_blank\" rel=\"noopener noreferrer\"><img decoding=\"async\" class=\"aligncenter size-full wp-image-12487\" src=\"http:\/\/observatorioconurbano.ungs.edu.ar\/wp-content\/uploads\/icono-pdf.png\" alt=\"tabla en pdf\" width=\"28\" height=\"32\" \/><\/a><\/td>\n<\/tr>\n<tr>\n<td align=\"left\">Moreno. A\u00f1o 2021<\/td>\n<td align=\"left\"><a href=\"http:\/\/observatorioconurbano.ungs.edu.ar\/pdf\/Ficha-Moreno.pdf\" target=\"_blank\" rel=\"noopener noreferrer\"><img decoding=\"async\" class=\"aligncenter size-full wp-image-12487\" src=\"http:\/\/observatorioconurbano.ungs.edu.ar\/wp-content\/uploads\/icono-pdf.png\" alt=\"tabla en pdf\" width=\"28\" height=\"32\" \/><\/a><\/td>\n<\/tr>\n<tr>\n<td align=\"left\">Mor\u00f3n. A\u00f1o 2021<\/td>\n<td align=\"left\"><a href=\"http:\/\/observatorioconurbano.ungs.edu.ar\/pdf\/Ficha-Moron.pdf\" target=\"_blank\" rel=\"noopener noreferrer\"><img decoding=\"async\" class=\"aligncenter size-full wp-image-12487\" src=\"http:\/\/observatorioconurbano.ungs.edu.ar\/wp-content\/uploads\/icono-pdf.png\" alt=\"tabla en pdf\" width=\"28\" height=\"32\" \/><\/a><\/td>\n<\/tr>\n<tr>\n<td align=\"left\">Quilmes. A\u00f1o 2021<\/td>\n<td align=\"left\"><a href=\"http:\/\/observatorioconurbano.ungs.edu.ar\/pdf\/Ficha-Quilmes.pdf\" target=\"_blank\" rel=\"noopener noreferrer\"><img decoding=\"async\" class=\"aligncenter size-full wp-image-12487\" src=\"http:\/\/observatorioconurbano.ungs.edu.ar\/wp-content\/uploads\/icono-pdf.png\" alt=\"tabla en pdf\" width=\"28\" height=\"32\" \/><\/a><\/td>\n<\/tr>\n<tr>\n<td align=\"left\">San Fernando. A\u00f1o 2021<\/td>\n<td align=\"left\"><a href=\"http:\/\/observatorioconurbano.ungs.edu.ar\/pdf\/Ficha-San-Fernando.pdf\" target=\"_blank\" rel=\"noopener noreferrer\"><img decoding=\"async\" class=\"aligncenter size-full wp-image-12487\" src=\"http:\/\/observatorioconurbano.ungs.edu.ar\/wp-content\/uploads\/icono-pdf.png\" alt=\"tabla en pdf\" width=\"28\" height=\"32\" \/><\/a><\/td>\n<\/tr>\n<tr>\n<td align=\"left\">San Isidro. A\u00f1o 2021<\/td>\n<td align=\"left\"><a href=\"http:\/\/observatorioconurbano.ungs.edu.ar\/pdf\/Ficha-San-Isidro.pdf\" target=\"_blank\" rel=\"noopener noreferrer\"><img decoding=\"async\" class=\"aligncenter size-full wp-image-12487\" src=\"http:\/\/observatorioconurbano.ungs.edu.ar\/wp-content\/uploads\/icono-pdf.png\" alt=\"tabla en pdf\" width=\"28\" height=\"32\" \/><\/a><\/td>\n<\/tr>\n<tr>\n<td align=\"left\">San Miguel. A\u00f1o 2021<\/td>\n<td align=\"left\"><a href=\"http:\/\/observatorioconurbano.ungs.edu.ar\/pdf\/Ficha-San-Miguel.pdf\" target=\"_blank\" rel=\"noopener noreferrer\"><img decoding=\"async\" class=\"aligncenter size-full wp-image-12487\" src=\"http:\/\/observatorioconurbano.ungs.edu.ar\/wp-content\/uploads\/icono-pdf.png\" alt=\"tabla en pdf\" width=\"28\" height=\"32\" \/><\/a><\/td>\n<\/tr>\n<tr>\n<td align=\"left\">Tigre. A\u00f1o 2021<\/td>\n<td align=\"left\"><a href=\"http:\/\/observatorioconurbano.ungs.edu.ar\/pdf\/Ficha-Tigre.pdf\" target=\"_blank\" rel=\"noopener noreferrer\"><img decoding=\"async\" class=\"aligncenter size-full wp-image-12487\" src=\"http:\/\/observatorioconurbano.ungs.edu.ar\/wp-content\/uploads\/icono-pdf.png\" alt=\"tabla en pdf\" width=\"28\" height=\"32\" \/><\/a><\/td>\n<\/tr>\n<tr>\n<td align=\"left\">Tres de Febrero. A\u00f1o 2021<\/td>\n<td align=\"left\"><a href=\"http:\/\/observatorioconurbano.ungs.edu.ar\/pdf\/Ficha-Tres-de-Febrero.pdf\" target=\"_blank\" rel=\"noopener noreferrer\"><img decoding=\"async\" class=\"aligncenter size-full wp-image-12487\" src=\"http:\/\/observatorioconurbano.ungs.edu.ar\/wp-content\/uploads\/icono-pdf.png\" alt=\"tabla en pdf\" width=\"28\" height=\"32\" \/><\/a><\/td>\n<\/tr>\n<tr>\n<td align=\"left\">Vicente L\u00f3pez. A\u00f1o 2021<\/td>\n<td align=\"left\"><a href=\"http:\/\/observatorioconurbano.ungs.edu.ar\/pdf\/Ficha-Vicente-Lopez.pdf\" target=\"_blank\" rel=\"noopener noreferrer\"><img decoding=\"async\" class=\"aligncenter size-full wp-image-12487\" src=\"http:\/\/observatorioconurbano.ungs.edu.ar\/wp-content\/uploads\/icono-pdf.png\" alt=\"tabla en pdf\" width=\"28\" height=\"32\" \/><\/a><\/td>\n<\/tr>\n<\/tbody>\n<\/table>\n<\/div>\n<\/div><\/div><\/div><\/div><\/p>\n","protected":false},"excerpt":{"rendered":"","protected":false},"author":2,"featured_media":0,"parent":0,"menu_order":0,"comment_status":"closed","ping_status":"closed","template":"","meta":{"_exactmetrics_skip_tracking":false,"_exactmetrics_sitenote_active":false,"_exactmetrics_sitenote_note":"","_exactmetrics_sitenote_category":0,"footnotes":""},"class_list":["post-16838","page","type-page","status-publish","hentry"],"_links":{"self":[{"href":"https:\/\/observatorioconurbano.ungs.edu.ar\/index.php?rest_route=\/wp\/v2\/pages\/16838","targetHints":{"allow":["GET"]}}],"collection":[{"href":"https:\/\/observatorioconurbano.ungs.edu.ar\/index.php?rest_route=\/wp\/v2\/pages"}],"about":[{"href":"https:\/\/observatorioconurbano.ungs.edu.ar\/index.php?rest_route=\/wp\/v2\/types\/page"}],"author":[{"embeddable":true,"href":"https:\/\/observatorioconurbano.ungs.edu.ar\/index.php?rest_route=\/wp\/v2\/users\/2"}],"replies":[{"embeddable":true,"href":"https:\/\/observatorioconurbano.ungs.edu.ar\/index.php?rest_route=%2Fwp%2Fv2%2Fcomments&post=16838"}],"version-history":[{"count":63,"href":"https:\/\/observatorioconurbano.ungs.edu.ar\/index.php?rest_route=\/wp\/v2\/pages\/16838\/revisions"}],"predecessor-version":[{"id":18397,"href":"https:\/\/observatorioconurbano.ungs.edu.ar\/index.php?rest_route=\/wp\/v2\/pages\/16838\/revisions\/18397"}],"wp:attachment":[{"href":"https:\/\/observatorioconurbano.ungs.edu.ar\/index.php?rest_route=%2Fwp%2Fv2%2Fmedia&parent=16838"}],"curies":[{"name":"wp","href":"https:\/\/api.w.org\/{rel}","templated":true}]}}