{"id":145,"date":"2014-04-01T20:02:29","date_gmt":"2014-04-01T20:02:29","guid":{"rendered":"http:\/\/observatorioconurbano.ungs.edu.ar\/?page_id=145"},"modified":"2019-09-22T12:47:14","modified_gmt":"2019-09-22T15:47:14","slug":"territorios","status":"publish","type":"page","link":"https:\/\/observatorioconurbano.ungs.edu.ar\/?page_id=145","title":{"rendered":"Territorios"},"content":{"rendered":"<div class=\"fusion-fullwidth fullwidth-box fusion-builder-row-1 nonhundred-percent-fullwidth non-hundred-percent-height-scrolling\" style=\"--awb-background-position:left top;--awb-border-radius-top-left:0px;--awb-border-radius-top-right:0px;--awb-border-radius-bottom-right:0px;--awb-border-radius-bottom-left:0px;--awb-padding-top:20px;--awb-padding-right:0px;--awb-padding-bottom:20px;--awb-padding-left:0px;--awb-border-sizes-top:0px;--awb-border-sizes-bottom:0px;--awb-flex-wrap:wrap;\" ><div class=\"fusion-builder-row fusion-row\"><div class=\"fusion-layout-column fusion_builder_column fusion-builder-column-0 fusion_builder_column_1_5 1_5 fusion-one-fifth fusion-column-first\" style=\"--awb-bg-size:cover;width:16.8%; margin-right: 4%;\"><div class=\"fusion-column-wrapper fusion-flex-column-wrapper-legacy\"><div class=\"fusion-clearfix\"><\/div><\/div><\/div><div class=\"fusion-layout-column fusion_builder_column fusion-builder-column-1 fusion_builder_column_3_5 3_5 fusion-three-fifth\" style=\"--awb-bg-size:cover;width:58.4%; margin-right: 4%;\"><div class=\"fusion-column-wrapper fusion-flex-column-wrapper-legacy\"><div class=\"fusion-text fusion-text-1\"><p>Una caracterizaci\u00f3n del \u00c1rea Metropolitana de Buenos Aires debe sortear primero la dificultad de precisar cu\u00e1les son los l\u00edmites mismos de su objeto. La Ciudad de Buenos Aires (ciudad capital de la Rep\u00fablica Argentina) se entrama con un conjunto de municipios, que muchas veces se refieren como \u201cconurbano bonaerense\u201d o \u201cpartidos del Gran Buenos Aires\u201d. El aglomerado conformado por la Ciudad de Buenos Aires y este conjunto de partidos (actualmente en n\u00famero de 24) se conoce tambi\u00e9n con la expresi\u00f3n \u201cGran Buenos Aires\u201d, que utiliza el Instituto Nacional de Estad\u00edsticas y Censos de la Argentina (Indec, 2003). El Gran Buenos Aires es hist\u00f3ricamente el centro urbano m\u00e1s relevante del pa\u00eds, conforma un continuo urbano (aunque internamente heterog\u00e9neo) y una unidad tanto en t\u00e9rminos econ\u00f3micos como socio-demogr\u00e1ficos y ocupacionales. Sin embargo, este aglomerado se encuentra administrativamente dividido, formando parte de dos provincias (estados) distintos: la ciudad de Buenos Aires (con autonom\u00eda pol\u00edtica y administrativa) y la llamada Provincia de Buenos Aires (de la que dependen los 24 partidos).<\/p>\n<p>Por su parte, la denominaci\u00f3n Regi\u00f3n Metropolitana designa un \u00e1rea geogr\u00e1fica a\u00fan mayor, conformada por la Ciudad de Buenos Aires, el Gran Buenos Aires y un conjunto de partidos contiguos cuyo n\u00famero var\u00edan seg\u00fan los criterios adoptados para su delimitaci\u00f3n, pudiendo alcanzar un total de cuarenta municipios, si se incluye en la Regi\u00f3n el denominado Gran La Plata conformado por La Plata, importante ciudad capital de la provincia \u2013 estado \u2013 de Buenos Aires, Berisso y Ensenada).<\/p>\n<p>La regi\u00f3n ha sido subdividida por estudiosos y planificadores en cordones o coronas \u2013 que se definen en funci\u00f3n de la cercan\u00eda con la Ciudad a de Buenos Aires-; corredores \u2013 que establecen en funci\u00f3n de flujos o actividades comunes- ; subregiones constituidas como tal de manera institucional u otras subregiones que se delimitan en relaci\u00f3n a criterios de homogeneidad socioecon\u00f3mica.<\/p>\n<\/div><div class=\"fusion-clearfix\"><\/div><\/div><\/div><div class=\"fusion-layout-column fusion_builder_column fusion-builder-column-2 fusion_builder_column_1_5 1_5 fusion-one-fifth fusion-column-last\" style=\"--awb-bg-size:cover;width:16.8%;\"><div class=\"fusion-column-wrapper fusion-flex-column-wrapper-legacy\"><div class=\"fusion-clearfix\"><\/div><\/div><\/div><\/div><\/div>\n","protected":false},"excerpt":{"rendered":"","protected":false},"author":2,"featured_media":0,"parent":0,"menu_order":0,"comment_status":"closed","ping_status":"open","template":"","meta":{"_exactmetrics_skip_tracking":false,"_exactmetrics_sitenote_active":false,"_exactmetrics_sitenote_note":"","_exactmetrics_sitenote_category":0,"footnotes":""},"class_list":["post-145","page","type-page","status-publish","hentry"],"_links":{"self":[{"href":"https:\/\/observatorioconurbano.ungs.edu.ar\/index.php?rest_route=\/wp\/v2\/pages\/145","targetHints":{"allow":["GET"]}}],"collection":[{"href":"https:\/\/observatorioconurbano.ungs.edu.ar\/index.php?rest_route=\/wp\/v2\/pages"}],"about":[{"href":"https:\/\/observatorioconurbano.ungs.edu.ar\/index.php?rest_route=\/wp\/v2\/types\/page"}],"author":[{"embeddable":true,"href":"https:\/\/observatorioconurbano.ungs.edu.ar\/index.php?rest_route=\/wp\/v2\/users\/2"}],"replies":[{"embeddable":true,"href":"https:\/\/observatorioconurbano.ungs.edu.ar\/index.php?rest_route=%2Fwp%2Fv2%2Fcomments&post=145"}],"version-history":[{"count":5,"href":"https:\/\/observatorioconurbano.ungs.edu.ar\/index.php?rest_route=\/wp\/v2\/pages\/145\/revisions"}],"predecessor-version":[{"id":11347,"href":"https:\/\/observatorioconurbano.ungs.edu.ar\/index.php?rest_route=\/wp\/v2\/pages\/145\/revisions\/11347"}],"wp:attachment":[{"href":"https:\/\/observatorioconurbano.ungs.edu.ar\/index.php?rest_route=%2Fwp%2Fv2%2Fmedia&parent=145"}],"curies":[{"name":"wp","href":"https:\/\/api.w.org\/{rel}","templated":true}]}}