{"id":11831,"date":"2019-10-28T14:46:38","date_gmt":"2019-10-28T17:46:38","guid":{"rendered":"http:\/\/observatorioconurbano.ungs.edu.ar\/?page_id=11831"},"modified":"2024-10-16T12:26:14","modified_gmt":"2024-10-16T15:26:14","slug":"mapa-interactivo","status":"publish","type":"page","link":"https:\/\/observatorioconurbano.ungs.edu.ar\/?page_id=11831","title":{"rendered":"Organizaciones Sociales en el Conurbano Bonaerense"},"content":{"rendered":"<div class=\"fusion-fullwidth fullwidth-box fusion-builder-row-1 nonhundred-percent-fullwidth non-hundred-percent-height-scrolling\" style=\"--awb-border-radius-top-left:0px;--awb-border-radius-top-right:0px;--awb-border-radius-bottom-right:0px;--awb-border-radius-bottom-left:0px;--awb-margin-top:25px;--awb-flex-wrap:wrap;\" ><div class=\"fusion-builder-row fusion-row\"><div class=\"fusion-layout-column fusion_builder_column fusion-builder-column-0 fusion_builder_column_1_2 1_2 fusion-one-half fusion-column-first\" style=\"--awb-bg-size:cover;width:50%;width:calc(50% - ( ( 4% ) * 0.5 ) );margin-right: 4%;\"><div class=\"fusion-column-wrapper fusion-column-has-shadow fusion-flex-column-wrapper-legacy\"><div class=\"fusion-title title fusion-title-1 fusion-sep-none fusion-title-text fusion-title-size-three\" style=\"--awb-margin-top-small:0px;--awb-margin-right-small:0px;--awb-margin-bottom-small:20px;--awb-margin-left-small:0px;\"><h3 class=\"fusion-title-heading title-heading-left\" style=\"margin:0;\"><strong>HACIA LA CONSTRUCCI\u00d3N DE UN MAPA COLABORATIVO DE LAS ORGANIZACIONES SOCIALES DEL CONURBANO BONAERENSE: MAS CONOCIMIENTO MEJOR VISIBILIDAD<\/strong><\/h3><\/div><div class=\"fusion-text fusion-text-1\"><p><span style=\"color: #000000;\"><strong>Los directorios y el mapa que se presenta en esta secci\u00f3n tienen por objeto contribuir a llenar este vac\u00edo. Constituyen un primer paso, un aporte inicial para construir un proceso colaborativo con las organizaciones involucradas, orientado a mejorar, precisar y ampliar la informaci\u00f3n.<\/strong><\/span><\/p>\n<p>La red de organizaciones de la sociedad civil en el territorio del Conurbano Bonaerense constituye una trama sumamente densa de entidades asociativas que cumplen roles de especial significaci\u00f3n en la vida cotidiana de esta regi\u00f3n. Se trata de un universo de formas de participaci\u00f3n que naci\u00f3 junto con la urbanizaci\u00f3n del Gran Buenos Aires, y fue creciendo a medida que se multiplicaban sus habitantes. \u00a0Como resultado, se ha conformado un panorama asociativo tan din\u00e1mico como heterog\u00e9neo, formado por una multitud de organizaciones sociales con fuerte inscripci\u00f3n territorial, pero con muy diversos campos de actuaci\u00f3n, distinta estructura institucional, y basados en valores y principios diferentes, como mostr\u00e1bamos en un estudio previo. [<a href=\"http:\/\/observatorioconurbano.ungs.edu.ar\/Articulos%20y%20documentos\/organizaciones%20sociales.pdf\" target=\"_blank\" rel=\"noopener noreferrer\">Ver pdf<\/a>]<\/p>\n<p>Un elemento com\u00fan a la mayor\u00eda de estas iniciativas sociales es su estrecha vinculaci\u00f3n con las problem\u00e1ticas de la regi\u00f3n, ya que el grueso de las organizaciones trabaja en torno a las cuestiones que afectan m\u00e1s gravemente las condiciones de vida de la poblaci\u00f3n del Conurbano: asistencia a necesidades sociales b\u00e1sicas, cuidado infantil y educaci\u00f3n, h\u00e1bitat, salud, atenci\u00f3n a adultos mayores, violencia de g\u00e9nero, etc. En este sentido, la red de organizaciones de la sociedad civil cumple un papel econ\u00f3mico indispensable en la reproducci\u00f3n de la vida de los hogares, a la vez que ofrece espacios de participaci\u00f3n ciudadana donde se canalizan buena parte de las demandas sociales.<\/p>\n<p>El valor de estos aportes, sin embargo, solo resulta visible para quienes forman parte de las organizaciones, puesto que no se cuenta con una fuente de informaci\u00f3n que registre estas iniciativas y que haga p\u00fablica la riqueza de esta actividad. Distintos organismos estatales y redes han construido directorios propios, pero hasta la actualidad no contamos con un registro unificado que permita conocer la magnitud de la trama asociativa, su aporte al desarrollo social y la inscripci\u00f3n territorial de su accionar.<\/p>\n<p>Los directorios y el mapa que se presenta en esta secci\u00f3n tienen por objeto contribuir a llenar este vac\u00edo. Constituyen un primer paso, un aporte inicial para construir un proceso colaborativo con las organizaciones involucradas, orientado a mejorar, precisar y ampliar la informaci\u00f3n.<\/p>\n<p>Estos contenidos constituyen un primer esfuerzo de producci\u00f3n de informaci\u00f3n sistematizada, basadas en la compilaci\u00f3n de fuentes diversas: el Registro Provincial de Organizaciones de la Comunidad, el Centro Nacional de Organizaciones de la Comunidad, la Fundaci\u00f3n Banco de Alimentos, gobiernos municipales, p\u00e1ginas web\u00a0 municipales o sociales, redes de organizaciones, Consejo Social de la UNGS y relevamientos propios.<\/p>\n<\/div><div class=\"fusion-clearfix\"><\/div><\/div><\/div><div class=\"fusion-layout-column fusion_builder_column fusion-builder-column-1 fusion_builder_column_1_2 1_2 fusion-one-half fusion-column-last\" style=\"--awb-bg-size:cover;width:50%;width:calc(50% - ( ( 4% ) * 0.5 ) );\"><div class=\"fusion-column-wrapper fusion-column-has-shadow fusion-flex-column-wrapper-legacy\"><div class=\"fusion-image-element in-legacy-container\" style=\"--awb-caption-title-font-family:var(--h2_typography-font-family);--awb-caption-title-font-weight:var(--h2_typography-font-weight);--awb-caption-title-font-style:var(--h2_typography-font-style);--awb-caption-title-size:var(--h2_typography-font-size);--awb-caption-title-transform:var(--h2_typography-text-transform);--awb-caption-title-line-height:var(--h2_typography-line-height);--awb-caption-title-letter-spacing:var(--h2_typography-letter-spacing);\"><span class=\" fusion-imageframe imageframe-none imageframe-1 hover-type-zoomin\" style=\"border:2px solid #ff9800;\"><a class=\"fusion-no-lightbox\" href=\"http:\/\/observatorioconurbano.ungs.edu.ar\/wp-content\/uploads\/mapa\" target=\"_blank\" aria-label=\"mapa-interactivo\" rel=\"noopener noreferrer\"><img decoding=\"async\" width=\"900\" height=\"586\" alt=\"mapa interactivo\" src=\"http:\/\/observatorioconurbano.ungs.edu.ar\/wp-content\/uploads\/mapa-interactivo.jpg\" class=\"img-responsive wp-image-12638\"\/><\/a><\/span><\/div><div class=\"fusion-sep-clear\"><\/div><div class=\"fusion-separator fusion-full-width-sep\" style=\"margin-left: auto;margin-right: auto;margin-top:15px;width:100%;\"><\/div><div class=\"fusion-sep-clear\"><\/div><div class=\"fusion-text fusion-text-2\"><p>Como resultado de esta tarea qued\u00f3 conformado un listado de, aproximadamente, 4500 organizaciones para los 24 municipios del Conurbano. Para este primer panorama se priorizaron dos campos de informaci\u00f3n: la ubicaci\u00f3n precisa de la entidad, y sus campos prioritarios de acci\u00f3n, como se detalla en las notas metodol\u00f3gicas que acompa\u00f1an las tablas.<\/p>\n<p>Los datos est\u00e1n presentados en dos formatos: tablas por municipio y un mapa interactivo para el conjunto del Conurbano Bonaerense. Dadas las limitaciones de las fuentes, de las 4500 asociaciones registradas en las tablas, se pudieron mapear y georreferenciar alrededor de 3.000 puntos. Cada punto indica una organizaci\u00f3n, y en las referencias que pueden desplegarse a la derecha del mapa, se explicitan los colores correspondientes a los campos de acci\u00f3n. Para poder hacer lecturas a diferentes escalas, se opt\u00f3 por una forma de visualizaci\u00f3n que muestra la concentraci\u00f3n de puntos. A medida que se hace zoom en determinadas \u00e1reas, esos niveles de concentraci\u00f3n se van desagregando hasta mostrar la ubicaci\u00f3n precisa de cada organizaci\u00f3n.<\/p>\n<p>Este trabajo, elaborado por Santiago Fern\u00e1ndez Ceci y Lorena Nieva, es s\u00f3lo un primer paso de un proyecto que tiene por delante un largo recorrido. Los registros est\u00e1n lejos de ser exhaustivos, y la precisi\u00f3n de los datos son a\u00fan variables, puesto que fueron recogidos de diferentes fuentes. Se trata de un primer aporte para el desarrollo de un proyecto colaborativo, que involucre a las propias organizaciones en la tarea de completar y mejorar la informaci\u00f3n. Estamos aqu\u00ed proponiendo una hoja de ruta que permitir\u00e1 conocer mejor la magnitud, accionar e inscripci\u00f3n territorial de la trama asociativa del Conurbano Bonaerense, para as\u00ed fortalecer su visibilidad social.<\/p>\n<\/div><div class=\"fusion-clearfix\"><\/div><\/div><\/div><\/div><\/div>\n","protected":false},"excerpt":{"rendered":"","protected":false},"author":2,"featured_media":0,"parent":0,"menu_order":0,"comment_status":"closed","ping_status":"closed","template":"","meta":{"_exactmetrics_skip_tracking":false,"_exactmetrics_sitenote_active":false,"_exactmetrics_sitenote_note":"","_exactmetrics_sitenote_category":0,"footnotes":""},"class_list":["post-11831","page","type-page","status-publish","hentry"],"_links":{"self":[{"href":"https:\/\/observatorioconurbano.ungs.edu.ar\/index.php?rest_route=\/wp\/v2\/pages\/11831","targetHints":{"allow":["GET"]}}],"collection":[{"href":"https:\/\/observatorioconurbano.ungs.edu.ar\/index.php?rest_route=\/wp\/v2\/pages"}],"about":[{"href":"https:\/\/observatorioconurbano.ungs.edu.ar\/index.php?rest_route=\/wp\/v2\/types\/page"}],"author":[{"embeddable":true,"href":"https:\/\/observatorioconurbano.ungs.edu.ar\/index.php?rest_route=\/wp\/v2\/users\/2"}],"replies":[{"embeddable":true,"href":"https:\/\/observatorioconurbano.ungs.edu.ar\/index.php?rest_route=%2Fwp%2Fv2%2Fcomments&post=11831"}],"version-history":[{"count":18,"href":"https:\/\/observatorioconurbano.ungs.edu.ar\/index.php?rest_route=\/wp\/v2\/pages\/11831\/revisions"}],"predecessor-version":[{"id":16854,"href":"https:\/\/observatorioconurbano.ungs.edu.ar\/index.php?rest_route=\/wp\/v2\/pages\/11831\/revisions\/16854"}],"wp:attachment":[{"href":"https:\/\/observatorioconurbano.ungs.edu.ar\/index.php?rest_route=%2Fwp%2Fv2%2Fmedia&parent=11831"}],"curies":[{"name":"wp","href":"https:\/\/api.w.org\/{rel}","templated":true}]}}